{"id":2227,"date":"2025-10-17T15:33:09","date_gmt":"2025-10-17T15:33:09","guid":{"rendered":"https:\/\/www.alessainmobiliaria.es\/?page_id=2227"},"modified":"2025-10-17T15:58:04","modified_gmt":"2025-10-17T15:58:04","slug":"politica-de-privacidad","status":"publish","type":"page","link":"https:\/\/www.alessainmobiliaria.es\/index.php\/politica-de-privacidad\/","title":{"rendered":"Pol\u00edtica de privacidad"},"content":{"rendered":"\n<p><strong><em>1. Responsable del Tratamiento<\/em><\/strong><\/p>\n\n\n\n<p>El Responsable del Tratamiento se corresponde con el del titular del sitio web, cuyos datos identificativos completos son: Proboin, S.L., con CIF B15981004 y domicilio en&nbsp;Calle Vimieiro, s\/n, 15930 Boiro, A Coru\u00f1a.&nbsp;<\/p>\n\n\n\n<p><strong><em>2. Datos tratados, finalidades y plazo de conservaci\u00f3n<\/em><\/strong><\/p>\n\n\n\n<p>2.1&nbsp;Datos tratados: A los efectos de la solicitud de informaci\u00f3n o de contacto con el Titular, se deber\u00e1n facilitar unos datos a trav\u00e9s de la cumplimentaci\u00f3n de los formularios dispuestos, en los que se indicar\u00e1n cu\u00e1les de ellos tienen el car\u00e1cter de obligatorio.&nbsp;<\/p>\n\n\n\n<p>Durante la navegaci\u00f3n, podr\u00e1n facilitarse datos como la direcci\u00f3n IP asignada por su proveedor o determinados perfiles sociales asociados al usuario.&nbsp;<\/p>\n\n\n\n<p>2.2&nbsp;Finalidades: La finalidad del tratamiento del correo electr\u00f3nico o el tel\u00e9fono facilitado para el contacto ser\u00e1n utilizados para una efectiva contestaci\u00f3n a las cuestiones planteadas.<\/p>\n\n\n\n<p>2.3&nbsp;Conservaci\u00f3n. Los datos ser\u00e1n tratados para gestionar la contestaci\u00f3n o la solicitud de informaci\u00f3n, procedi\u00e9ndose a su eliminaci\u00f3n una vez realizado.&nbsp;<\/p>\n\n\n\n<p><strong><em>3. Ejercicio de derechos&nbsp;<\/em><\/strong><\/p>\n\n\n\n<p>Cualquier persona tiene derecho a obtener confirmaci\u00f3n acerca de si se est\u00e1 procediendo al tratamiento de datos personales que les conciernan, o no. Las personas interesadas tienen derecho a si acceder a sus datos personales, as\u00ed como a solicitar la rectificaci\u00f3n de los datos inexactos o, en su caso, solicitar su supresi\u00f3n cuando, entre otros motivos, los datos ya no sean necesarios para los fines que fueron recogidos.<\/p>\n\n\n\n<p>En determinadas circunstancias, los interesados podr\u00e1n solicitar la limitaci\u00f3n del tratamiento de sus datos u oponerse al tratamiento de los mismos, en cuyo caso \u00fanicamente los conservaremos para el ejercicio o la defensa de reclamaciones.<\/p>\n\n\n\n<p>Para ello, los usuarios podr\u00e1n dirigir una comunicaci\u00f3n por escrito a, Comit\u00e9 de Privacidad, Bodi\u00f3n, s\/n 15930 Boiro (A Coru\u00f1a) o a la direcci\u00f3n de correo electr\u00f3nico comite.privacidad@jealsa.com.<\/p>\n\n\n\n<p>En caso de que desee ejercer el derecho de portabilidad, se facilitar\u00e1 esos datos al nuevo Responsable.&nbsp;<\/p>\n","protected":false},"excerpt":{"rendered":"<p>1. Responsable del Tratamiento El Responsable del Tratamiento se corresponde con el del titular del sitio web, cuyos datos identificativos completos son: Proboin, S.L., con CIF B15981004 y domicilio en&nbsp;Calle Vimieiro, s\/n, 15930 Boiro, A Coru\u00f1a.&nbsp; 2. Datos tratados, finalidades y plazo de conservaci\u00f3n 2.1&nbsp;Datos tratados: A los efectos de la solicitud de informaci\u00f3n o [&hellip;]<\/p>\n","protected":false},"author":1,"featured_media":0,"parent":0,"menu_order":0,"comment_status":"closed","ping_status":"closed","template":"","meta":{"footnotes":""},"class_list":["post-2227","page","type-page","status-publish","hentry"],"yoast_head":"<!-- This site is optimized with the Yoast SEO plugin v26.2 - https:\/\/yoast.com\/wordpress\/plugins\/seo\/ -->\n<title>Pol\u00edtica de privacidad - Alessa inmobiliaria<\/title>\n<meta name=\"robots\" content=\"index, follow, max-snippet:-1, max-image-preview:large, max-video-preview:-1\" \/>\n<link rel=\"canonical\" href=\"https:\/\/www.alessainmobiliaria.es\/index.php\/politica-de-privacidad\/\" \/>\n<meta property=\"og:locale\" content=\"es_ES\" \/>\n<meta property=\"og:type\" content=\"article\" \/>\n<meta property=\"og:title\" content=\"Pol\u00edtica de privacidad - Alessa inmobiliaria\" \/>\n<meta property=\"og:description\" content=\"1. Responsable del Tratamiento El Responsable del Tratamiento se corresponde con el del titular del sitio web, cuyos datos identificativos completos son: Proboin, S.L., con CIF B15981004 y domicilio en&nbsp;Calle Vimieiro, s\/n, 15930 Boiro, A Coru\u00f1a.&nbsp; 2. Datos tratados, finalidades y plazo de conservaci\u00f3n 2.1&nbsp;Datos tratados: A los efectos de la solicitud de informaci\u00f3n o [&hellip;]\" \/>\n<meta property=\"og:url\" content=\"https:\/\/www.alessainmobiliaria.es\/index.php\/politica-de-privacidad\/\" \/>\n<meta property=\"og:site_name\" content=\"Alessa inmobiliaria\" \/>\n<meta property=\"article:modified_time\" content=\"2025-10-17T15:58:04+00:00\" \/>\n<meta property=\"og:image\" content=\"https:\/\/www.alessainmobiliaria.es\/wp-content\/uploads\/2023\/02\/LOGO-ALESSA-original.jpg\" \/>\n\t<meta property=\"og:image:width\" content=\"1545\" \/>\n\t<meta property=\"og:image:height\" content=\"562\" \/>\n\t<meta property=\"og:image:type\" content=\"image\/jpeg\" \/>\n<meta name=\"twitter:card\" content=\"summary_large_image\" \/>\n<meta name=\"twitter:label1\" content=\"Tiempo de lectura\" \/>\n\t<meta name=\"twitter:data1\" content=\"2 minutos\" \/>\n<script type=\"application\/ld+json\" class=\"yoast-schema-graph\">{\"@context\":\"https:\/\/schema.org\",\"@graph\":[{\"@type\":\"WebPage\",\"@id\":\"https:\/\/www.alessainmobiliaria.es\/index.php\/politica-de-privacidad\/\",\"url\":\"https:\/\/www.alessainmobiliaria.es\/index.php\/politica-de-privacidad\/\",\"name\":\"Pol\u00edtica de privacidad - Alessa inmobiliaria\",\"isPartOf\":{\"@id\":\"https:\/\/www.alessainmobiliaria.es\/#website\"},\"datePublished\":\"2025-10-17T15:33:09+00:00\",\"dateModified\":\"2025-10-17T15:58:04+00:00\",\"breadcrumb\":{\"@id\":\"https:\/\/www.alessainmobiliaria.es\/index.php\/politica-de-privacidad\/#breadcrumb\"},\"inLanguage\":\"es\",\"potentialAction\":[{\"@type\":\"ReadAction\",\"target\":[\"https:\/\/www.alessainmobiliaria.es\/index.php\/politica-de-privacidad\/\"]}]},{\"@type\":\"BreadcrumbList\",\"@id\":\"https:\/\/www.alessainmobiliaria.es\/index.php\/politica-de-privacidad\/#breadcrumb\",\"itemListElement\":[{\"@type\":\"ListItem\",\"position\":1,\"name\":\"Portada\",\"item\":\"https:\/\/www.alessainmobiliaria.es\/\"},{\"@type\":\"ListItem\",\"position\":2,\"name\":\"Pol\u00edtica de privacidad\"}]},{\"@type\":\"WebSite\",\"@id\":\"https:\/\/www.alessainmobiliaria.es\/#website\",\"url\":\"https:\/\/www.alessainmobiliaria.es\/\",\"name\":\"Alessa inmobiliaria\",\"description\":\"Alessa inmobiliaria\",\"publisher\":{\"@id\":\"https:\/\/www.alessainmobiliaria.es\/#organization\"},\"potentialAction\":[{\"@type\":\"SearchAction\",\"target\":{\"@type\":\"EntryPoint\",\"urlTemplate\":\"https:\/\/www.alessainmobiliaria.es\/?s={search_term_string}\"},\"query-input\":{\"@type\":\"PropertyValueSpecification\",\"valueRequired\":true,\"valueName\":\"search_term_string\"}}],\"inLanguage\":\"es\"},{\"@type\":\"Organization\",\"@id\":\"https:\/\/www.alessainmobiliaria.es\/#organization\",\"name\":\"Alessa inmobiliaria\",\"url\":\"https:\/\/www.alessainmobiliaria.es\/\",\"logo\":{\"@type\":\"ImageObject\",\"inLanguage\":\"es\",\"@id\":\"https:\/\/www.alessainmobiliaria.es\/#\/schema\/logo\/image\/\",\"url\":\"https:\/\/www.alessainmobiliaria.es\/wp-content\/uploads\/2023\/02\/LOGOALESSA.png\",\"contentUrl\":\"https:\/\/www.alessainmobiliaria.es\/wp-content\/uploads\/2023\/02\/LOGOALESSA.png\",\"width\":1545,\"height\":562,\"caption\":\"Alessa inmobiliaria\"},\"image\":{\"@id\":\"https:\/\/www.alessainmobiliaria.es\/#\/schema\/logo\/image\/\"}}]}<\/script>\n<!-- \/ Yoast SEO plugin. -->","yoast_head_json":{"title":"Pol\u00edtica de privacidad - Alessa inmobiliaria","robots":{"index":"index","follow":"follow","max-snippet":"max-snippet:-1","max-image-preview":"max-image-preview:large","max-video-preview":"max-video-preview:-1"},"canonical":"https:\/\/www.alessainmobiliaria.es\/index.php\/politica-de-privacidad\/","og_locale":"es_ES","og_type":"article","og_title":"Pol\u00edtica de privacidad - Alessa inmobiliaria","og_description":"1. Responsable del Tratamiento El Responsable del Tratamiento se corresponde con el del titular del sitio web, cuyos datos identificativos completos son: Proboin, S.L., con CIF B15981004 y domicilio en&nbsp;Calle Vimieiro, s\/n, 15930 Boiro, A Coru\u00f1a.&nbsp; 2. Datos tratados, finalidades y plazo de conservaci\u00f3n 2.1&nbsp;Datos tratados: A los efectos de la solicitud de informaci\u00f3n o [&hellip;]","og_url":"https:\/\/www.alessainmobiliaria.es\/index.php\/politica-de-privacidad\/","og_site_name":"Alessa inmobiliaria","article_modified_time":"2025-10-17T15:58:04+00:00","og_image":[{"width":1545,"height":562,"url":"https:\/\/www.alessainmobiliaria.es\/wp-content\/uploads\/2023\/02\/LOGO-ALESSA-original.jpg","type":"image\/jpeg"}],"twitter_card":"summary_large_image","twitter_misc":{"Tiempo de lectura":"2 minutos"},"schema":{"@context":"https:\/\/schema.org","@graph":[{"@type":"WebPage","@id":"https:\/\/www.alessainmobiliaria.es\/index.php\/politica-de-privacidad\/","url":"https:\/\/www.alessainmobiliaria.es\/index.php\/politica-de-privacidad\/","name":"Pol\u00edtica de privacidad - Alessa inmobiliaria","isPartOf":{"@id":"https:\/\/www.alessainmobiliaria.es\/#website"},"datePublished":"2025-10-17T15:33:09+00:00","dateModified":"2025-10-17T15:58:04+00:00","breadcrumb":{"@id":"https:\/\/www.alessainmobiliaria.es\/index.php\/politica-de-privacidad\/#breadcrumb"},"inLanguage":"es","potentialAction":[{"@type":"ReadAction","target":["https:\/\/www.alessainmobiliaria.es\/index.php\/politica-de-privacidad\/"]}]},{"@type":"BreadcrumbList","@id":"https:\/\/www.alessainmobiliaria.es\/index.php\/politica-de-privacidad\/#breadcrumb","itemListElement":[{"@type":"ListItem","position":1,"name":"Portada","item":"https:\/\/www.alessainmobiliaria.es\/"},{"@type":"ListItem","position":2,"name":"Pol\u00edtica de privacidad"}]},{"@type":"WebSite","@id":"https:\/\/www.alessainmobiliaria.es\/#website","url":"https:\/\/www.alessainmobiliaria.es\/","name":"Alessa inmobiliaria","description":"Alessa inmobiliaria","publisher":{"@id":"https:\/\/www.alessainmobiliaria.es\/#organization"},"potentialAction":[{"@type":"SearchAction","target":{"@type":"EntryPoint","urlTemplate":"https:\/\/www.alessainmobiliaria.es\/?s={search_term_string}"},"query-input":{"@type":"PropertyValueSpecification","valueRequired":true,"valueName":"search_term_string"}}],"inLanguage":"es"},{"@type":"Organization","@id":"https:\/\/www.alessainmobiliaria.es\/#organization","name":"Alessa inmobiliaria","url":"https:\/\/www.alessainmobiliaria.es\/","logo":{"@type":"ImageObject","inLanguage":"es","@id":"https:\/\/www.alessainmobiliaria.es\/#\/schema\/logo\/image\/","url":"https:\/\/www.alessainmobiliaria.es\/wp-content\/uploads\/2023\/02\/LOGOALESSA.png","contentUrl":"https:\/\/www.alessainmobiliaria.es\/wp-content\/uploads\/2023\/02\/LOGOALESSA.png","width":1545,"height":562,"caption":"Alessa inmobiliaria"},"image":{"@id":"https:\/\/www.alessainmobiliaria.es\/#\/schema\/logo\/image\/"}}]}},"_links":{"self":[{"href":"https:\/\/www.alessainmobiliaria.es\/index.php\/wp-json\/wp\/v2\/pages\/2227","targetHints":{"allow":["GET"]}}],"collection":[{"href":"https:\/\/www.alessainmobiliaria.es\/index.php\/wp-json\/wp\/v2\/pages"}],"about":[{"href":"https:\/\/www.alessainmobiliaria.es\/index.php\/wp-json\/wp\/v2\/types\/page"}],"author":[{"embeddable":true,"href":"https:\/\/www.alessainmobiliaria.es\/index.php\/wp-json\/wp\/v2\/users\/1"}],"replies":[{"embeddable":true,"href":"https:\/\/www.alessainmobiliaria.es\/index.php\/wp-json\/wp\/v2\/comments?post=2227"}],"version-history":[{"count":3,"href":"https:\/\/www.alessainmobiliaria.es\/index.php\/wp-json\/wp\/v2\/pages\/2227\/revisions"}],"predecessor-version":[{"id":2237,"href":"https:\/\/www.alessainmobiliaria.es\/index.php\/wp-json\/wp\/v2\/pages\/2227\/revisions\/2237"}],"wp:attachment":[{"href":"https:\/\/www.alessainmobiliaria.es\/index.php\/wp-json\/wp\/v2\/media?parent=2227"}],"curies":[{"name":"wp","href":"https:\/\/api.w.org\/{rel}","templated":true}]}}