{"id":2059,"date":"2023-02-02T10:57:33","date_gmt":"2023-02-02T10:57:33","guid":{"rendered":"https:\/\/www.alessainmobiliaria.es\/?page_id=2059"},"modified":"2025-10-22T09:30:08","modified_gmt":"2025-10-22T09:30:08","slug":"home","status":"publish","type":"page","link":"https:\/\/www.alessainmobiliaria.es\/","title":{"rendered":"Home"},"content":{"rendered":"<div id='av_section_1'  class='avia-section av-6xxdwr-4a4abfd0e65a9a5e20ac4190c93420b6 main_color avia-section-small avia-no-border-styling  avia-builder-el-0  el_before_av_section  avia-builder-el-first  avia-bg-style-scroll container_wrap fullsize'  ><div class='container av-section-cont-open' ><main  role=\"main\" itemprop=\"mainContentOfPage\"  class='template-page content  av-content-full alpha units'><div class='post-entry post-entry-type-page post-entry-2059'><div class='entry-content-wrapper clearfix'>\n\n<style type=\"text\/css\" data-created_by=\"avia_inline_auto\" id=\"style-css-av-2761wb-24cc2647e944b99746493d77d1a2d461\">\n#top .hr.hr-invisible.av-2761wb-24cc2647e944b99746493d77d1a2d461{\nheight:10px;\n}\n<\/style>\n<div  class='hr av-2761wb-24cc2647e944b99746493d77d1a2d461 hr-invisible  avia-builder-el-1  el_before_av_one_full  avia-builder-el-first '><span class='hr-inner '><span class=\"hr-inner-style\"><\/span><\/span><\/div>\n\n<style type=\"text\/css\" data-created_by=\"avia_inline_auto\" id=\"style-css-av-cxivhn-92d7c09b1b313142f87d342d142408c7\">\n.avia_transform .flex_column.av-cxivhn-92d7c09b1b313142f87d342d142408c7{\n-webkit-animation-duration:3s;\n-moz-animation-duration:3s;\nanimation-duration:3s;\n}\n<\/style>\n<div class='flex_column av-cxivhn-92d7c09b1b313142f87d342d142408c7 av_one_full  avia-builder-el-2  el_after_av_hr  el_before_av_hr  first flex_column_div av-animated-generic bottom-to-top '     ><style type=\"text\/css\" data-created_by=\"avia_inline_auto\" id=\"style-css-av-ar5suj-a185eec387a8a89825d8cff2de4fd403\">\n#top .av-rotator-container.av-ar5suj-a185eec387a8a89825d8cff2de4fd403{\ntext-align:center;\ncolor:#385a7b;\n}\n#top #wrap_all .av-rotator-container.av-ar5suj-a185eec387a8a89825d8cff2de4fd403 .av-rotator-container-inner{\nfont-size:30px;\n}\n<\/style>\n<div  class='av-rotator-container av-rotation-container-center av-ar5suj-a185eec387a8a89825d8cff2de4fd403  avia-builder-el-3  avia-builder-el-no-sibling  av-fixed-rotator-width av-typewriter' data-interval='2' data-animation='typewriter' data-fixWidth='1'><h1 class='av-rotator-container-inner'>Bienvenido a <span class='av-rotator-text av-rotator-multiline-off'>\n<span class='av-rotator-text-single av-9jwvgr-dc1a8962c23aaec99901b4557de891a1 av-rotator-text-single-1'>Alessa inmobiliaria<\/span>\n<span class='av-rotator-text-single av-7660x7-e63e17a59f048ac4209b620be1ffc0b1 av-rotator-text-single-2'><\/span>\n<\/span><\/h1><\/div><\/div>\n<style type=\"text\/css\" data-created_by=\"avia_inline_auto\" id=\"style-css-av-2pd257-11d36154e55ef6d6c662ba00cff3ef73\">\n#top .hr.hr-invisible.av-2pd257-11d36154e55ef6d6c662ba00cff3ef73{\nheight:20px;\n}\n<\/style>\n<div  class='hr av-2pd257-11d36154e55ef6d6c662ba00cff3ef73 hr-invisible  avia-builder-el-4  el_after_av_one_full  avia-builder-el-last '><span class='hr-inner '><span class=\"hr-inner-style\"><\/span><\/span><\/div>\n\n<\/div><\/div><\/main><!-- close content main element --><\/div><\/div><div id='av_section_2'  class='avia-section av-ldspf8yy-83409c08a0ce2f949e7fac73bc076c12 main_color avia-section-small avia-no-border-styling  avia-builder-el-5  el_after_av_section  el_before_av_section  avia-bg-style-scroll av-minimum-height av-minimum-height-25  container_wrap fullsize'   data-av_minimum_height_pc='25'><div class='container av-section-cont-open' ><div class='template-page content  av-content-full alpha units'><div class='post-entry post-entry-type-page post-entry-2059'><div class='entry-content-wrapper clearfix'>\n<div class='flex_column_table av-ldspf0m1-d23b1903c908013d7e1ada971c11518d sc-av_one_full av-equal-height-column-flextable'>\n<style type=\"text\/css\" data-created_by=\"avia_inline_auto\" id=\"style-css-av-ldspf0m1-d23b1903c908013d7e1ada971c11518d\">\n.flex_column.av-ldspf0m1-d23b1903c908013d7e1ada971c11518d{\nheight:400px;\nbackground:url(https:\/\/www.alessainmobiliaria.es\/wp-content\/uploads\/2023\/02\/1675948290450-1.jpg) 50% 50% no-repeat scroll ;\n}\n.avia_transform .flex_column.av-ldspf0m1-d23b1903c908013d7e1ada971c11518d{\n-webkit-animation-duration:3s;\n-moz-animation-duration:3s;\nanimation-duration:3s;\n}\n<\/style>\n<div class='flex_column av-ldspf0m1-d23b1903c908013d7e1ada971c11518d av_one_full  avia-builder-el-6  avia-builder-el-no-sibling  first no_margin flex_column_table_cell av-equal-height-column av-align-top av-animated-generic bottom-to-top avia-full-stretch '     ><\/div><\/div><!--close column table wrapper. Autoclose: 1 -->\n\n<\/div><\/div><\/div><!-- close content main div --><\/div><\/div><div id='av_section_3'  class='avia-section av-4uomh7-adbbb08c934e883b7abc51b240747f38 main_color avia-section-small avia-no-border-styling  avia-builder-el-7  el_after_av_section  el_before_av_section  avia-bg-style-scroll container_wrap fullsize'  ><div class='container av-section-cont-open' ><div class='template-page content  av-content-full alpha units'><div class='post-entry post-entry-type-page post-entry-2059'><div class='entry-content-wrapper clearfix'>\n\n<style type=\"text\/css\" data-created_by=\"avia_inline_auto\" id=\"style-css-av-ldsnm9k4-dd319553a7a261e00850e79b78613e07\">\n.avia_transform .flex_column.av-ldsnm9k4-dd319553a7a261e00850e79b78613e07{\n-webkit-animation-duration:3s;\n-moz-animation-duration:3s;\nanimation-duration:3s;\n}\n<\/style>\n<div class='flex_column av-ldsnm9k4-dd319553a7a261e00850e79b78613e07 av_one_full  avia-builder-el-8  avia-builder-el-no-sibling  first flex_column_div av-animated-generic bottom-to-top '     ><section  class='av_textblock_section av-ldsoj3s5-69796b1d0a472a8fcd9b87d0d2874815'  itemscope=\"itemscope\" itemtype=\"https:\/\/schema.org\/CreativeWork\" ><div class='avia_textblock'  itemprop=\"text\" ><p>Alessa es una empresa promotora con m\u00e1s de 30 a\u00f1os de experiencia, compuesta por grandes profesionales del sector de la construcci\u00f3n, que apuesta por proyectos \u00fanicos e innovadores y que es ya un referente en viviendas de primera calidad en la comarca del Barbanza.<br \/>\nLa amplitud, el confort, el bienestar, el dise\u00f1o, los peque\u00f1os detalles y la dom\u00f3tica en todas nuestras promociones como cualidad diferenciadora para crear hogares inteligentes y ecoeficientes energ\u00e9ticamente, son nuestra mejor presentaci\u00f3n y garant\u00eda.<\/p>\n<p>Nuestros profesionales te ayudar\u00e1n a buscar la mejor financiaci\u00f3n posible y te ofrecer\u00e1n asesoramiento para crear el hogar que siempre has so\u00f1ado. Adem\u00e1s, contamos con un departamento propio de conservaci\u00f3n de nuestras construcciones que solventar\u00e1 cualquier incidencia que pueda surgir.<br \/>\nTambi\u00e9n podemos ayudarte a encontrar la vivienda que mejor se ajuste a tus necesidades, contando con un asesoramiento personalizado y acompa\u00f1\u00e1ndote durante todo el proceso, desde la primera visita hasta la firma de la escritura.<\/p>\n<p>Visite la <a href=\"https:\/\/www.alessainmobiliaria.es\/index.php\/galeria-de-imagenes\/\">galer\u00eda de im\u00e1genes<\/a> de nuestros alquileres y promociones.<\/p>\n<\/div><\/section><\/div>\n\n<\/div><\/div><\/div><!-- close content main div --><\/div><\/div><div id='av_section_4'  class='avia-section av-2sdaqz-a4e920279837c155a8bbf7b75907afd8 main_color avia-section-small avia-no-border-styling  avia-builder-el-10  el_after_av_section  el_before_av_section  avia-bg-style-scroll container_wrap fullsize'  ><div class='container av-section-cont-open' ><div class='template-page content  av-content-full alpha units'><div class='post-entry post-entry-type-page post-entry-2059'><div class='entry-content-wrapper clearfix'>\n<\/div><\/div><\/div><!-- close content main div --><\/div><\/div><div id='contacto'  class='avia-section av-5wmskr-a6d858e2e7f57ee0a5fe9ec219281993 main_color avia-section-small avia-no-border-styling  avia-builder-el-11  el_after_av_section  el_before_av_section  contacto avia-bg-style-scroll container_wrap fullsize'  ><div class='container av-section-cont-open' ><div class='template-page content  av-content-full alpha units'><div class='post-entry post-entry-type-page post-entry-2059'><div class='entry-content-wrapper clearfix'>\n\n<style type=\"text\/css\" data-created_by=\"avia_inline_auto\" id=\"style-css-av-9k3qdn-1091cf8f67b82c479c2db9bfd5459717\">\n.avia_transform .flex_column.av-9k3qdn-1091cf8f67b82c479c2db9bfd5459717{\n-webkit-animation-duration:3s;\n-moz-animation-duration:3s;\nanimation-duration:3s;\n}\n<\/style>\n<div class='flex_column av-9k3qdn-1091cf8f67b82c479c2db9bfd5459717 av_one_full  avia-builder-el-12  el_before_av_one_half  avia-builder-el-first  first flex_column_div av-animated-generic bottom-to-top '     ><section  class='av_textblock_section av-ldsp2bf0-34a39175ddd5d7eba8d0ba1c01acac1b'  itemscope=\"itemscope\" itemtype=\"https:\/\/schema.org\/CreativeWork\" ><div class='avia_textblock'  itemprop=\"text\" ><h2 style=\"text-align: center;\">Contacto<\/h2>\n<\/div><\/section><\/div>\n<style type=\"text\/css\" data-created_by=\"avia_inline_auto\" id=\"style-css-av-4l7eiz-95a7dbbeafb1227dcdcf099395a49c10\">\n.avia_transform .flex_column.av-4l7eiz-95a7dbbeafb1227dcdcf099395a49c10{\n-webkit-animation-duration:3s;\n-moz-animation-duration:3s;\nanimation-duration:3s;\n}\n<\/style>\n<div class='flex_column av-4l7eiz-95a7dbbeafb1227dcdcf099395a49c10 av_one_half  avia-builder-el-14  el_after_av_one_full  el_before_av_one_half  first flex_column_div av-animated-generic left-to-right column-top-margin'     ><form action=\"https:\/\/www.alessainmobiliaria.es\/\" method=\"post\"  class=\"avia_ajax_form av-form-labels-visible   avia-builder-el-15  avia-builder-el-no-sibling   \" data-avia-form-id=\"1\" data-avia-redirect='' ><fieldset><p class='  first_form  form_element form_fullwidth' id='element_avia_1_1'><label for=\"avia_1_1\">Nombre <abbr class=\"required\" title=\"requerido\">*<\/abbr><\/label> <input name=\"avia_1_1\" class=\"text_input is_empty\" type=\"text\" id=\"avia_1_1\" value=\"\" \/><\/p><p class='  first_form  form_element form_fullwidth' id='element_avia_2_1'><label for=\"avia_2_1\">Correo electr\u00f3nico <abbr class=\"required\" title=\"requerido\">*<\/abbr><\/label> <input name=\"avia_2_1\" class=\"text_input is_email\" type=\"text\" id=\"avia_2_1\" value=\"\" \/><\/p><p class='  first_form  form_element form_fullwidth' id='element_avia_3_1'><label for=\"avia_3_1\">Asunto <abbr class=\"required\" title=\"requerido\">*<\/abbr><\/label> <input name=\"avia_3_1\" class=\"text_input is_empty\" type=\"text\" id=\"avia_3_1\" value=\"\" \/><\/p><p class='  first_form  form_element form_fullwidth' id='element_avia_4_1'><label for=\"avia_4_1\" class=\"textare_label hidden textare_label_avia_4_1\">Mensaje <abbr class=\"required\" title=\"requerido\">*<\/abbr><\/label><textarea  name=\"avia_4_1\" class=\"text_area is_empty\" cols=\"40\" rows=\"7\" id=\"avia_4_1\" ><\/textarea><\/p><div id='avia_5_1' class='av-form-text'><p>\n<strong>Informaci\u00f3n b\u00e1sica sobre protecci\u00f3n de datos:<\/strong><\/p>\n<p>Alessa Inmobiliaria utilizar\u00e1 estos datos para la efectiva contestaci\u00f3n a las cuestiones planteadas. Puede acceder, rectificar y suprimir los datos, as\u00ed como otros derechos tal y como se explica en la Pol\u00edtica de Privacidad.<\/p>\n<\/div><p class=\"hidden\"><input type=\"text\" name=\"avia_6_1\" class=\"hidden \" id=\"avia_6_1\" value=\"\" \/><\/p><p class=\"form_element \"><input type=\"hidden\" value=\"1\" name=\"avia_generated_form1\" \/><input type=\"submit\" value=\"Enviar\" class=\"button\"  data-sending-label=\"Enviando\"\/><\/p><\/fieldset><\/form><div id=\"ajaxresponse_1\" class=\"ajaxresponse ajaxresponse_1 hidden\"><\/div><\/div>\n<style type=\"text\/css\" data-created_by=\"avia_inline_auto\" id=\"style-css-av-ldsp93du-b94b35921eb058b0584953e2bc6ee104\">\n.avia_transform .flex_column.av-ldsp93du-b94b35921eb058b0584953e2bc6ee104{\n-webkit-animation-duration:3s;\n-moz-animation-duration:3s;\nanimation-duration:3s;\n}\n<\/style>\n<div class='flex_column av-ldsp93du-b94b35921eb058b0584953e2bc6ee104 av_one_half  avia-builder-el-16  el_after_av_one_half  avia-builder-el-last  flex_column_div av-animated-generic right-to-left column-top-margin'     ><p><section  class='av_textblock_section av-ldsp44uh-f9ac1ff2d666231293dea352979136ac'  itemscope=\"itemscope\" itemtype=\"https:\/\/schema.org\/CreativeWork\" ><div class='avia_textblock'  itemprop=\"text\" ><p>Tel\u00e9fono de informaci\u00f3n general:\u00a0<a href=\"tel:981 849 917\">981 849 917<\/a><\/p>\n<p>Correo electr\u00f3nico:\u00a0<a href=\"mailto:info@alessainmobiliaria.es\">info@alessainmobiliaria.es<\/a><\/p>\n<p>Direcci\u00f3n: Vimieiro, n\u00ba20 Bajo \u2013 Boiro<\/p>\n<\/div><\/section><br \/>\n\n<style type=\"text\/css\" data-created_by=\"avia_inline_auto\" id=\"style-css-av-ldspiyrj-64f172890c1b6e16dd45c5a0b8e29efd\">\n.avia-image-container.av-ldspiyrj-64f172890c1b6e16dd45c5a0b8e29efd img.avia_image{\nbox-shadow:none;\n}\n.avia-image-container.av-ldspiyrj-64f172890c1b6e16dd45c5a0b8e29efd .av-image-caption-overlay-center{\ncolor:#ffffff;\n}\n<\/style>\n<div  class='avia-image-container av-ldspiyrj-64f172890c1b6e16dd45c5a0b8e29efd av-styling- avia-align-center  avia-builder-el-18  el_after_av_textblock  avia-builder-el-last '   itemprop=\"image\" itemscope=\"itemscope\" itemtype=\"https:\/\/schema.org\/ImageObject\" ><div class=\"avia-image-container-inner\"><div class=\"avia-image-overlay-wrap\"><img decoding=\"async\" class='wp-image-2099 avia-img-lazy-loading-not-2099 avia_image ' src=\"https:\/\/www.alessainmobiliaria.es\/wp-content\/uploads\/2023\/02\/1675948290458a-1536x1222.jpg\" alt='' title='1675948290458a'  height=\"1222\" width=\"1536\"  itemprop=\"thumbnailUrl\" srcset=\"https:\/\/www.alessainmobiliaria.es\/wp-content\/uploads\/2023\/02\/1675948290458a-1536x1222.jpg 1536w, https:\/\/www.alessainmobiliaria.es\/wp-content\/uploads\/2023\/02\/1675948290458a-300x239.jpg 300w, https:\/\/www.alessainmobiliaria.es\/wp-content\/uploads\/2023\/02\/1675948290458a-1030x819.jpg 1030w, https:\/\/www.alessainmobiliaria.es\/wp-content\/uploads\/2023\/02\/1675948290458a-768x611.jpg 768w, https:\/\/www.alessainmobiliaria.es\/wp-content\/uploads\/2023\/02\/1675948290458a-1500x1193.jpg 1500w, https:\/\/www.alessainmobiliaria.es\/wp-content\/uploads\/2023\/02\/1675948290458a-705x561.jpg 705w, https:\/\/www.alessainmobiliaria.es\/wp-content\/uploads\/2023\/02\/1675948290458a.jpg 1746w\" sizes=\"(max-width: 1536px) 100vw, 1536px\" \/><\/div><\/div><\/div><\/p><\/div><\/div><\/div><\/div><!-- close content main div --><\/div><\/div><div id='av_section_6'  class='avia-section av-3azqjv-98794fb2c3ef3bd4fec6bb8fe3ccb591 main_color avia-section-small avia-no-border-styling  avia-builder-el-19  el_after_av_section  avia-builder-el-last  avia-bg-style-scroll container_wrap fullsize'  ><div class='container av-section-cont-open' ><div class='template-page content  av-content-full alpha units'><div class='post-entry post-entry-type-page post-entry-2059'><div class='entry-content-wrapper clearfix'>\n\n<style type=\"text\/css\" data-created_by=\"avia_inline_auto\" id=\"style-css-av-ldsp0wel-5c2881c8d7fe3dbc5d6e9c1e392df878\">\n.avia_transform .flex_column.av-ldsp0wel-5c2881c8d7fe3dbc5d6e9c1e392df878{\n-webkit-animation-duration:3s;\n-moz-animation-duration:3s;\nanimation-duration:3s;\n}\n<\/style>\n<div class='flex_column av-ldsp0wel-5c2881c8d7fe3dbc5d6e9c1e392df878 av_one_full  avia-builder-el-20  avia-builder-el-no-sibling  first flex_column_div av-animated-generic bottom-to-top '     ><\/div>\n<\/p>\n","protected":false},"excerpt":{"rendered":"","protected":false},"author":1,"featured_media":0,"parent":0,"menu_order":0,"comment_status":"closed","ping_status":"closed","template":"","meta":{"footnotes":""},"class_list":["post-2059","page","type-page","status-publish","hentry"],"yoast_head":"<!-- This site is optimized with the Yoast SEO plugin v26.2 - https:\/\/yoast.com\/wordpress\/plugins\/seo\/ -->\n<title>Alessa inmobiliaria<\/title>\n<meta name=\"description\" content=\"Alessa es una empresa promotora y constructora con m\u00e1s de 30 a\u00f1os de experiencia, compuesta por grandes profesionales del sector.\" \/>\n<meta name=\"robots\" content=\"index, follow, max-snippet:-1, max-image-preview:large, max-video-preview:-1\" \/>\n<link rel=\"canonical\" href=\"https:\/\/www.alessainmobiliaria.es\/\" \/>\n<meta property=\"og:locale\" content=\"es_ES\" \/>\n<meta property=\"og:type\" content=\"article\" \/>\n<meta property=\"og:title\" content=\"Alessa inmobiliaria\" \/>\n<meta property=\"og:description\" content=\"Alessa es una empresa promotora y constructora con m\u00e1s de 30 a\u00f1os de experiencia, compuesta por grandes profesionales del sector.\" \/>\n<meta property=\"og:url\" content=\"https:\/\/www.alessainmobiliaria.es\/\" \/>\n<meta property=\"og:site_name\" content=\"Alessa inmobiliaria\" \/>\n<meta property=\"article:modified_time\" content=\"2025-10-22T09:30:08+00:00\" \/>\n<meta property=\"og:image\" content=\"https:\/\/www.alessainmobiliaria.es\/wp-content\/uploads\/2023\/02\/LOGO-ALESSA-original.jpg\" \/>\n\t<meta property=\"og:image:width\" content=\"1545\" \/>\n\t<meta property=\"og:image:height\" content=\"562\" \/>\n\t<meta property=\"og:image:type\" content=\"image\/jpeg\" \/>\n<meta name=\"twitter:card\" content=\"summary_large_image\" \/>\n<meta name=\"twitter:label1\" content=\"Tiempo de lectura\" \/>\n\t<meta name=\"twitter:data1\" content=\"2 minutos\" \/>\n<script type=\"application\/ld+json\" class=\"yoast-schema-graph\">{\"@context\":\"https:\/\/schema.org\",\"@graph\":[{\"@type\":\"WebPage\",\"@id\":\"https:\/\/www.alessainmobiliaria.es\/\",\"url\":\"https:\/\/www.alessainmobiliaria.es\/\",\"name\":\"Alessa inmobiliaria\",\"isPartOf\":{\"@id\":\"https:\/\/www.alessainmobiliaria.es\/#website\"},\"datePublished\":\"2023-02-02T10:57:33+00:00\",\"dateModified\":\"2025-10-22T09:30:08+00:00\",\"description\":\"Alessa es una empresa promotora y constructora con m\u00e1s de 30 a\u00f1os de experiencia, compuesta por grandes profesionales del sector.\",\"breadcrumb\":{\"@id\":\"https:\/\/www.alessainmobiliaria.es\/#breadcrumb\"},\"inLanguage\":\"es\",\"potentialAction\":[{\"@type\":\"ReadAction\",\"target\":[\"https:\/\/www.alessainmobiliaria.es\/\"]}]},{\"@type\":\"BreadcrumbList\",\"@id\":\"https:\/\/www.alessainmobiliaria.es\/#breadcrumb\",\"itemListElement\":[{\"@type\":\"ListItem\",\"position\":1,\"name\":\"Portada\",\"item\":\"https:\/\/www.alessainmobiliaria.es\/\"},{\"@type\":\"ListItem\",\"position\":2,\"name\":\"Home\"}]},{\"@type\":\"WebSite\",\"@id\":\"https:\/\/www.alessainmobiliaria.es\/#website\",\"url\":\"https:\/\/www.alessainmobiliaria.es\/\",\"name\":\"Alessa inmobiliaria\",\"description\":\"Alessa inmobiliaria\",\"publisher\":{\"@id\":\"https:\/\/www.alessainmobiliaria.es\/#organization\"},\"potentialAction\":[{\"@type\":\"SearchAction\",\"target\":{\"@type\":\"EntryPoint\",\"urlTemplate\":\"https:\/\/www.alessainmobiliaria.es\/?s={search_term_string}\"},\"query-input\":{\"@type\":\"PropertyValueSpecification\",\"valueRequired\":true,\"valueName\":\"search_term_string\"}}],\"inLanguage\":\"es\"},{\"@type\":\"Organization\",\"@id\":\"https:\/\/www.alessainmobiliaria.es\/#organization\",\"name\":\"Alessa inmobiliaria\",\"url\":\"https:\/\/www.alessainmobiliaria.es\/\",\"logo\":{\"@type\":\"ImageObject\",\"inLanguage\":\"es\",\"@id\":\"https:\/\/www.alessainmobiliaria.es\/#\/schema\/logo\/image\/\",\"url\":\"https:\/\/www.alessainmobiliaria.es\/wp-content\/uploads\/2023\/02\/LOGOALESSA.png\",\"contentUrl\":\"https:\/\/www.alessainmobiliaria.es\/wp-content\/uploads\/2023\/02\/LOGOALESSA.png\",\"width\":1545,\"height\":562,\"caption\":\"Alessa inmobiliaria\"},\"image\":{\"@id\":\"https:\/\/www.alessainmobiliaria.es\/#\/schema\/logo\/image\/\"}}]}<\/script>\n<!-- \/ Yoast SEO plugin. -->","yoast_head_json":{"title":"Alessa inmobiliaria","description":"Alessa es una empresa promotora y constructora con m\u00e1s de 30 a\u00f1os de experiencia, compuesta por grandes profesionales del sector.","robots":{"index":"index","follow":"follow","max-snippet":"max-snippet:-1","max-image-preview":"max-image-preview:large","max-video-preview":"max-video-preview:-1"},"canonical":"https:\/\/www.alessainmobiliaria.es\/","og_locale":"es_ES","og_type":"article","og_title":"Alessa inmobiliaria","og_description":"Alessa es una empresa promotora y constructora con m\u00e1s de 30 a\u00f1os de experiencia, compuesta por grandes profesionales del sector.","og_url":"https:\/\/www.alessainmobiliaria.es\/","og_site_name":"Alessa inmobiliaria","article_modified_time":"2025-10-22T09:30:08+00:00","og_image":[{"width":1545,"height":562,"url":"https:\/\/www.alessainmobiliaria.es\/wp-content\/uploads\/2023\/02\/LOGO-ALESSA-original.jpg","type":"image\/jpeg"}],"twitter_card":"summary_large_image","twitter_misc":{"Tiempo de lectura":"2 minutos"},"schema":{"@context":"https:\/\/schema.org","@graph":[{"@type":"WebPage","@id":"https:\/\/www.alessainmobiliaria.es\/","url":"https:\/\/www.alessainmobiliaria.es\/","name":"Alessa inmobiliaria","isPartOf":{"@id":"https:\/\/www.alessainmobiliaria.es\/#website"},"datePublished":"2023-02-02T10:57:33+00:00","dateModified":"2025-10-22T09:30:08+00:00","description":"Alessa es una empresa promotora y constructora con m\u00e1s de 30 a\u00f1os de experiencia, compuesta por grandes profesionales del sector.","breadcrumb":{"@id":"https:\/\/www.alessainmobiliaria.es\/#breadcrumb"},"inLanguage":"es","potentialAction":[{"@type":"ReadAction","target":["https:\/\/www.alessainmobiliaria.es\/"]}]},{"@type":"BreadcrumbList","@id":"https:\/\/www.alessainmobiliaria.es\/#breadcrumb","itemListElement":[{"@type":"ListItem","position":1,"name":"Portada","item":"https:\/\/www.alessainmobiliaria.es\/"},{"@type":"ListItem","position":2,"name":"Home"}]},{"@type":"WebSite","@id":"https:\/\/www.alessainmobiliaria.es\/#website","url":"https:\/\/www.alessainmobiliaria.es\/","name":"Alessa inmobiliaria","description":"Alessa inmobiliaria","publisher":{"@id":"https:\/\/www.alessainmobiliaria.es\/#organization"},"potentialAction":[{"@type":"SearchAction","target":{"@type":"EntryPoint","urlTemplate":"https:\/\/www.alessainmobiliaria.es\/?s={search_term_string}"},"query-input":{"@type":"PropertyValueSpecification","valueRequired":true,"valueName":"search_term_string"}}],"inLanguage":"es"},{"@type":"Organization","@id":"https:\/\/www.alessainmobiliaria.es\/#organization","name":"Alessa inmobiliaria","url":"https:\/\/www.alessainmobiliaria.es\/","logo":{"@type":"ImageObject","inLanguage":"es","@id":"https:\/\/www.alessainmobiliaria.es\/#\/schema\/logo\/image\/","url":"https:\/\/www.alessainmobiliaria.es\/wp-content\/uploads\/2023\/02\/LOGOALESSA.png","contentUrl":"https:\/\/www.alessainmobiliaria.es\/wp-content\/uploads\/2023\/02\/LOGOALESSA.png","width":1545,"height":562,"caption":"Alessa inmobiliaria"},"image":{"@id":"https:\/\/www.alessainmobiliaria.es\/#\/schema\/logo\/image\/"}}]}},"_links":{"self":[{"href":"https:\/\/www.alessainmobiliaria.es\/index.php\/wp-json\/wp\/v2\/pages\/2059","targetHints":{"allow":["GET"]}}],"collection":[{"href":"https:\/\/www.alessainmobiliaria.es\/index.php\/wp-json\/wp\/v2\/pages"}],"about":[{"href":"https:\/\/www.alessainmobiliaria.es\/index.php\/wp-json\/wp\/v2\/types\/page"}],"author":[{"embeddable":true,"href":"https:\/\/www.alessainmobiliaria.es\/index.php\/wp-json\/wp\/v2\/users\/1"}],"replies":[{"embeddable":true,"href":"https:\/\/www.alessainmobiliaria.es\/index.php\/wp-json\/wp\/v2\/comments?post=2059"}],"version-history":[{"count":12,"href":"https:\/\/www.alessainmobiliaria.es\/index.php\/wp-json\/wp\/v2\/pages\/2059\/revisions"}],"predecessor-version":[{"id":2243,"href":"https:\/\/www.alessainmobiliaria.es\/index.php\/wp-json\/wp\/v2\/pages\/2059\/revisions\/2243"}],"wp:attachment":[{"href":"https:\/\/www.alessainmobiliaria.es\/index.php\/wp-json\/wp\/v2\/media?parent=2059"}],"curies":[{"name":"wp","href":"https:\/\/api.w.org\/{rel}","templated":true}]}}